{"id":1628,"date":"2019-11-21T17:09:06","date_gmt":"2019-11-21T16:09:06","guid":{"rendered":"https:\/\/amuzbox.com\/wp\/?page_id=1628"},"modified":"2019-11-23T20:10:23","modified_gmt":"2019-11-23T19:10:23","slug":"adultes-et-ou-enfants-16-et","status":"publish","type":"page","link":"https:\/\/amuzbox.com\/wp\/adultes-et-ou-enfants-16-et\/","title":{"rendered":"Adultes et\/ou Enfants 16 et +"},"content":{"rendered":"<div  class='avia-product-slider-container av-k3by7m9k-fdbf88d8415b04e990fe39652d6ea9e6 template-shop avia-content-slider avia-content-slider-active shop_columns_3  avia-builder-el-0  avia-builder-el-no-sibling  avia-content-slider-odd  avia-builder-el-0  avia-builder-el-no-sibling  av-slideshow-ui av-slider-hover-pause av-slideshow-manual av-loop-once av-loop-manual-endless avia-product-slider1' data-slideshow-options=\"{&quot;animation&quot;:&quot;fade&quot;,&quot;autoplay&quot;:false,&quot;loop_autoplay&quot;:&quot;once&quot;,&quot;interval&quot;:5,&quot;loop_manual&quot;:&quot;manual-endless&quot;,&quot;autoplay_stopper&quot;:false,&quot;noNavigation&quot;:false,&quot;bg_slider&quot;:false,&quot;keep_padding&quot;:false,&quot;hoverpause&quot;:true,&quot;show_slide_delay&quot;:0}\"><div class='avia-content-slider-inner'><ul class=\"products slide-entry-wrap\"><li class=\"product type-product post-2843 status-publish first instock product_cat-12-14-ans product_cat-14-16-ans product_cat-16-ans-adultes product_cat-adultes-et-ou-enfants-12 product_cat-escapbox product_cat-escape-game-pour-enfants product_cat-escape-game product_cat-famille product_cat-formule-box has-post-thumbnail downloadable virtual purchasable product-type-simple\">\n\t<div class='inner_product main_color wrapped_style noLightbox  av-product-class-'><a href=\"https:\/\/amuzbox.com\/wp\/produit\/escape-game-maison-pdf-ado-adultes\/\" class=\"woocommerce-LoopProduct-link woocommerce-loop-product__link\"><div class=\"thumbnail_container\"><img decoding=\"async\" loading=\"lazy\" width=\"265\" height=\"265\" src=\"https:\/\/amuzbox.com\/wp\/wp-content\/uploads\/2019\/10\/escap-box-r\u00e9seau-escape-game-ado-adulte-geek-kitetcap-pdf-\u00e0-imprimer-1-265x265.png\" class=\"wp-image-2644 avia-img-lazy-loading-2644 attachment-shop_catalog size-shop_catalog wp-post-image\" alt=\"escap-box-r\u00e9seau-escape-game-alamaison-adulte-geek-kitetcap-pdf-\u00e0-imprimer\" srcset=\"https:\/\/amuzbox.com\/wp\/wp-content\/uploads\/2019\/10\/escap-box-r\u00e9seau-escape-game-ado-adulte-geek-kitetcap-pdf-\u00e0-imprimer-1-265x265.png 265w, https:\/\/amuzbox.com\/wp\/wp-content\/uploads\/2019\/10\/escap-box-r\u00e9seau-escape-game-ado-adulte-geek-kitetcap-pdf-\u00e0-imprimer-1-300x300.png 300w, https:\/\/amuzbox.com\/wp\/wp-content\/uploads\/2019\/10\/escap-box-r\u00e9seau-escape-game-ado-adulte-geek-kitetcap-pdf-\u00e0-imprimer-1-80x80.png 80w, https:\/\/amuzbox.com\/wp\/wp-content\/uploads\/2019\/10\/escap-box-r\u00e9seau-escape-game-ado-adulte-geek-kitetcap-pdf-\u00e0-imprimer-1-36x36.png 36w, https:\/\/amuzbox.com\/wp\/wp-content\/uploads\/2019\/10\/escap-box-r\u00e9seau-escape-game-ado-adulte-geek-kitetcap-pdf-\u00e0-imprimer-1-180x180.png 180w, https:\/\/amuzbox.com\/wp\/wp-content\/uploads\/2019\/10\/escap-box-r\u00e9seau-escape-game-ado-adulte-geek-kitetcap-pdf-\u00e0-imprimer-1-100x100.png 100w, https:\/\/amuzbox.com\/wp\/wp-content\/uploads\/2019\/10\/escap-box-r\u00e9seau-escape-game-ado-adulte-geek-kitetcap-pdf-\u00e0-imprimer-1.png 500w\" sizes=\"auto, (max-width: 265px) 100vw, 265px\" \/><span class=\"cart-loading\"><\/span><\/div><div class='inner_product_header'><div class='avia-arrow'><\/div><div class='inner_product_header_table'><div class='inner_product_header_cell'><h2 class=\"woocommerce-loop-product__title\">Escape Box Au secours y\u2019a plus de r\u00e9seau 12-103 Ans formule PDF<\/h2>\n\t<span class=\"price\"><span class=\"woocommerce-Price-amount amount\"><bdi>25,00<span class=\"woocommerce-Price-currencySymbol\">&euro;<\/span><\/bdi><\/span><\/span>\n<\/div><\/div><\/div><\/a><div class='avia_cart_buttons '><a href=\"\/wp\/wp-json\/wp\/v2\/pages\/1628?add-to-cart=2843\" aria-describedby=\"woocommerce_loop_add_to_cart_link_describedby_2843\" data-quantity=\"1\" class=\"button product_type_simple add_to_cart_button ajax_add_to_cart\" data-product_id=\"2843\" data-product_sku=\"\" aria-label=\"Ajouter au panier\u00a0: &ldquo;Escape Box Au secours y\u2019a plus de r\u00e9seau 12-103 Ans formule PDF&rdquo;\" rel=\"nofollow\" data-success_message=\"\u00ab\u00a0Escape Box Au secours y\u2019a plus de r\u00e9seau 12-103 Ans formule PDF\u00a0\u00bb a \u00e9t\u00e9 ajout\u00e9 \u00e0 votre panier\"><span class=\"avia-svg-icon avia-font-svg_entypo-fontello\" data-av_svg_icon='basket' data-av_iconset='svg_entypo-fontello'><svg version=\"1.1\" xmlns=\"http:\/\/www.w3.org\/2000\/svg\" width=\"29\" height=\"32\" viewBox=\"0 0 29 32\" preserveAspectRatio=\"xMidYMid meet\" aria-labelledby='av-svg-title-1' aria-describedby='av-svg-desc-1' role=\"graphics-symbol\" aria-hidden=\"true\">\n<title id='av-svg-title-1'>Ajouter au panier<\/title>\n<desc id='av-svg-desc-1'>Ajouter au panier<\/desc>\n<path d=\"M4.8 27.2q0-1.28 0.96-2.24t2.24-0.96q1.344 0 2.272 0.96t0.928 2.24q0 1.344-0.928 2.272t-2.272 0.928q-1.28 0-2.24-0.928t-0.96-2.272zM20.8 27.2q0-1.28 0.96-2.24t2.24-0.96q1.344 0 2.272 0.96t0.928 2.24q0 1.344-0.928 2.272t-2.272 0.928q-1.28 0-2.24-0.928t-0.96-2.272zM10.496 19.648q-1.152 0.32-1.088 0.736t1.408 0.416h17.984v2.432q0 0.64-0.64 0.64h-20.928q-0.64 0-0.64-0.64v-2.432l-0.32-1.472-3.136-14.528h-3.136v-2.56q0-0.64 0.64-0.64h4.992q0.64 0 0.64 0.64v2.752h22.528v8.768q0 0.704-0.576 0.832z\"><\/path>\n<\/svg><\/span>  Ajouter au panier<\/a>\t<span id=\"woocommerce_loop_add_to_cart_link_describedby_2843\" class=\"screen-reader-text\">\n\t\t\t<\/span>\n<a class=\"button show_details_button\" href=\"https:\/\/amuzbox.com\/wp\/produit\/escape-game-maison-pdf-ado-adultes\/\"><span class=\"avia-svg-icon avia-font-svg_entypo-fontello\" data-av_svg_icon='doc-text' data-av_iconset='svg_entypo-fontello'><svg version=\"1.1\" xmlns=\"http:\/\/www.w3.org\/2000\/svg\" width=\"22\" height=\"32\" viewBox=\"0 0 22 32\" preserveAspectRatio=\"xMidYMid meet\" aria-labelledby='av-svg-title-2' aria-describedby='av-svg-desc-2' role=\"graphics-symbol\" aria-hidden=\"true\">\n<title id='av-svg-title-2'>Voir les d\u00e9tails<\/title>\n<desc id='av-svg-desc-2'>Voir les d\u00e9tails<\/desc>\n<path d=\"M6.784 17.344v-2.88h8.96v2.88h-8.96zM19.2 1.6q1.344 0 2.272 0.928t0.928 2.272v22.4q0 1.28-0.928 2.24t-2.272 0.96h-16q-1.28 0-2.24-0.96t-0.96-2.24v-22.4q0-1.344 0.96-2.272t2.24-0.928h16zM19.2 27.2v-22.4h-16v22.4h16zM15.68 8.256v2.816h-8.96v-2.816h8.96zM15.68 20.8v2.816h-8.96v-2.816h8.96z\"><\/path>\n<\/svg><\/span>  Voir les d\u00e9tails<\/a> <span class=\"button-mini-delimiter\"><\/span><\/div><\/div><\/li>\n<li class=\"product type-product post-1254 status-publish instock product_cat-12-14-ans product_cat-14-16-ans product_cat-16-ans-adultes product_cat-adultes-et-ou-enfants-12 product_cat-escapbox product_cat-escape-game-pour-enfants product_cat-escape-game product_cat-famille product_cat-formule-box has-post-thumbnail shipping-taxable purchasable product-type-variable\">\n\t<div class='inner_product main_color wrapped_style noLightbox  av-product-class-'><a href=\"https:\/\/amuzbox.com\/wp\/produit\/escapbox-reseau-formule-box\/\" class=\"woocommerce-LoopProduct-link woocommerce-loop-product__link\"><div class=\"thumbnail_container\"><img decoding=\"async\" loading=\"lazy\" width=\"265\" height=\"265\" src=\"https:\/\/amuzbox.com\/wp\/wp-content\/uploads\/2019\/10\/escap-box-r\u00e9seau-escape-game-ado-adulte-geek-cdanslabox-location-boite-toute-pr\u00eate-265x265.png\" class=\"wp-image-2643 avia-img-lazy-loading-2643 attachment-shop_catalog size-shop_catalog wp-post-image\" alt=\"escap-box-r\u00e9seau-escape-game-alamaison-ado-adulte-geek-cdanslabox-box-\u00e0-louer\" srcset=\"https:\/\/amuzbox.com\/wp\/wp-content\/uploads\/2019\/10\/escap-box-r\u00e9seau-escape-game-ado-adulte-geek-cdanslabox-location-boite-toute-pr\u00eate-265x265.png 265w, https:\/\/amuzbox.com\/wp\/wp-content\/uploads\/2019\/10\/escap-box-r\u00e9seau-escape-game-ado-adulte-geek-cdanslabox-location-boite-toute-pr\u00eate-300x300.png 300w, https:\/\/amuzbox.com\/wp\/wp-content\/uploads\/2019\/10\/escap-box-r\u00e9seau-escape-game-ado-adulte-geek-cdanslabox-location-boite-toute-pr\u00eate-80x80.png 80w, https:\/\/amuzbox.com\/wp\/wp-content\/uploads\/2019\/10\/escap-box-r\u00e9seau-escape-game-ado-adulte-geek-cdanslabox-location-boite-toute-pr\u00eate-36x36.png 36w, https:\/\/amuzbox.com\/wp\/wp-content\/uploads\/2019\/10\/escap-box-r\u00e9seau-escape-game-ado-adulte-geek-cdanslabox-location-boite-toute-pr\u00eate-180x180.png 180w, https:\/\/amuzbox.com\/wp\/wp-content\/uploads\/2019\/10\/escap-box-r\u00e9seau-escape-game-ado-adulte-geek-cdanslabox-location-boite-toute-pr\u00eate-100x100.png 100w, https:\/\/amuzbox.com\/wp\/wp-content\/uploads\/2019\/10\/escap-box-r\u00e9seau-escape-game-ado-adulte-geek-cdanslabox-location-boite-toute-pr\u00eate.png 500w\" sizes=\"auto, (max-width: 265px) 100vw, 265px\" \/><span class='rating_container'><div class=\"star-rating\" role=\"img\" aria-label=\"Note 4.75 sur 5\"><span style=\"width:95%\">Note <strong class=\"rating\">4.75<\/strong> sur 5<\/span><\/div><\/span><\/div><div class='inner_product_header'><div class='avia-arrow'><\/div><div class='inner_product_header_table'><div class='inner_product_header_cell'><h2 class=\"woocommerce-loop-product__title\">Escape Box Au secours y\u2019a plus de r\u00e9seau 12-103 Ans formule BOX<\/h2>\n\t<span class=\"price\"><span class=\"woocommerce-Price-amount amount\" aria-hidden=\"true\"><bdi>55,00<span class=\"woocommerce-Price-currencySymbol\">&euro;<\/span><\/bdi><\/span> <span aria-hidden=\"true\">\u00a0\u2013\u00a0<\/span> <span class=\"woocommerce-Price-amount amount\" aria-hidden=\"true\"><bdi>99,00<span class=\"woocommerce-Price-currencySymbol\">&euro;<\/span><\/bdi><\/span><span class=\"screen-reader-text\">Plage de prix\u00a0: 55,00&euro; \u00e0 99,00&euro;<\/span><\/span>\n<\/div><\/div><\/div><\/a><div class='avia_cart_buttons single_button'><a href=\"https:\/\/amuzbox.com\/wp\/produit\/escapbox-reseau-formule-box\/\" aria-describedby=\"woocommerce_loop_add_to_cart_link_describedby_1254\" data-quantity=\"1\" class=\"button product_type_variable add_to_cart_button\" data-product_id=\"1254\" data-product_sku=\"ESCAPE BOX BOX R\" aria-label=\"S\u00e9lectionner les options pour &ldquo;Escape Box Au secours y\u2019a plus de r\u00e9seau 12-103 Ans formule BOX&rdquo;\" rel=\"nofollow\"><span class=\"avia-svg-icon avia-font-svg_entypo-fontello\" data-av_svg_icon='basket' data-av_iconset='svg_entypo-fontello'><svg version=\"1.1\" xmlns=\"http:\/\/www.w3.org\/2000\/svg\" width=\"29\" height=\"32\" viewBox=\"0 0 29 32\" preserveAspectRatio=\"xMidYMid meet\" aria-labelledby='av-svg-title-3' aria-describedby='av-svg-desc-3' role=\"graphics-symbol\" aria-hidden=\"true\">\n<title id='av-svg-title-3'>Ajouter au panier<\/title>\n<desc id='av-svg-desc-3'>Ajouter au panier<\/desc>\n<path d=\"M4.8 27.2q0-1.28 0.96-2.24t2.24-0.96q1.344 0 2.272 0.96t0.928 2.24q0 1.344-0.928 2.272t-2.272 0.928q-1.28 0-2.24-0.928t-0.96-2.272zM20.8 27.2q0-1.28 0.96-2.24t2.24-0.96q1.344 0 2.272 0.96t0.928 2.24q0 1.344-0.928 2.272t-2.272 0.928q-1.28 0-2.24-0.928t-0.96-2.272zM10.496 19.648q-1.152 0.32-1.088 0.736t1.408 0.416h17.984v2.432q0 0.64-0.64 0.64h-20.928q-0.64 0-0.64-0.64v-2.432l-0.32-1.472-3.136-14.528h-3.136v-2.56q0-0.64 0.64-0.64h4.992q0.64 0 0.64 0.64v2.752h22.528v8.768q0 0.704-0.576 0.832z\"><\/path>\n<\/svg><\/span>  Choix des options<\/a>\t<span id=\"woocommerce_loop_add_to_cart_link_describedby_1254\" class=\"screen-reader-text\">\n\t\tCe produit a plusieurs variations. Les options peuvent \u00eatre choisies sur la page du produit\t<\/span>\n<\/div><\/div><\/li>\n<li class=\"product type-product post-4504 status-publish last instock product_cat-16-ans-adultes product_cat-adultes product_cat-adultes-18 product_cat-adultes-et-ou-enfants-16 product_cat-anniversaire-adultes product_cat-enterrement-de-vie-de-jeune-fille-jeune-garcon product_cat-escapbox product_cat-escape-game product_cat-fete-de-famille product_cat-formule-box product_cat-nouvel-an product_cat-soiree-entre-amis has-post-thumbnail shipping-taxable purchasable product-type-variable has-default-attributes\">\n\t<div class='inner_product main_color wrapped_style noLightbox  av-product-class-'><a href=\"https:\/\/amuzbox.com\/wp\/produit\/escape-game-apero-villefranche\/\" class=\"woocommerce-LoopProduct-link woocommerce-loop-product__link\"><div class=\"thumbnail_container\"><img decoding=\"async\" loading=\"lazy\" width=\"450\" height=\"450\" src=\"https:\/\/amuzbox.com\/wp\/wp-content\/uploads\/2023\/05\/EB-apero-sale-450x450.jpeg\" class=\"wp-image-4508 avia-img-lazy-loading-4508 attachment-shop_catalog size-shop_catalog wp-post-image\" alt=\"escape game apero escape game mobile\" srcset=\"https:\/\/amuzbox.com\/wp\/wp-content\/uploads\/2023\/05\/EB-apero-sale-450x450.jpeg 450w, https:\/\/amuzbox.com\/wp\/wp-content\/uploads\/2023\/05\/EB-apero-sale-300x300.jpeg 300w, https:\/\/amuzbox.com\/wp\/wp-content\/uploads\/2023\/05\/EB-apero-sale-80x80.jpeg 80w, https:\/\/amuzbox.com\/wp\/wp-content\/uploads\/2023\/05\/EB-apero-sale-36x36.jpeg 36w, https:\/\/amuzbox.com\/wp\/wp-content\/uploads\/2023\/05\/EB-apero-sale-180x180.jpeg 180w, https:\/\/amuzbox.com\/wp\/wp-content\/uploads\/2023\/05\/EB-apero-sale-120x120.jpeg 120w, https:\/\/amuzbox.com\/wp\/wp-content\/uploads\/2023\/05\/EB-apero-sale-265x265.jpeg 265w, https:\/\/amuzbox.com\/wp\/wp-content\/uploads\/2023\/05\/EB-apero-sale-100x100.jpeg 100w, https:\/\/amuzbox.com\/wp\/wp-content\/uploads\/2023\/05\/EB-apero-sale.jpeg 500w\" sizes=\"auto, (max-width: 450px) 100vw, 450px\" \/><\/div><div class='inner_product_header'><div class='avia-arrow'><\/div><div class='inner_product_header_table'><div class='inner_product_header_cell'><h2 class=\"woocommerce-loop-product__title\">Escape Game Ap\u00e9ro<\/h2>\n\t<span class=\"price\"><span class=\"woocommerce-Price-amount amount\" aria-hidden=\"true\"><bdi>55,00<span class=\"woocommerce-Price-currencySymbol\">&euro;<\/span><\/bdi><\/span> <span aria-hidden=\"true\">\u00a0\u2013\u00a0<\/span> <span class=\"woocommerce-Price-amount amount\" aria-hidden=\"true\"><bdi>143,00<span class=\"woocommerce-Price-currencySymbol\">&euro;<\/span><\/bdi><\/span><span class=\"screen-reader-text\">Plage de prix\u00a0: 55,00&euro; \u00e0 143,00&euro;<\/span><\/span>\n<\/div><\/div><\/div><\/a><div class='avia_cart_buttons single_button'><a href=\"https:\/\/amuzbox.com\/wp\/produit\/escape-game-apero-villefranche\/\" aria-describedby=\"woocommerce_loop_add_to_cart_link_describedby_4504\" data-quantity=\"1\" class=\"button product_type_variable add_to_cart_button\" data-product_id=\"4504\" data-product_sku=\"\" aria-label=\"S\u00e9lectionner les options pour &ldquo;Escape Game Ap\u00e9ro&rdquo;\" rel=\"nofollow\"><span class=\"avia-svg-icon avia-font-svg_entypo-fontello\" data-av_svg_icon='basket' data-av_iconset='svg_entypo-fontello'><svg version=\"1.1\" xmlns=\"http:\/\/www.w3.org\/2000\/svg\" width=\"29\" height=\"32\" viewBox=\"0 0 29 32\" preserveAspectRatio=\"xMidYMid meet\" aria-labelledby='av-svg-title-4' aria-describedby='av-svg-desc-4' role=\"graphics-symbol\" aria-hidden=\"true\">\n<title id='av-svg-title-4'>Ajouter au panier<\/title>\n<desc id='av-svg-desc-4'>Ajouter au panier<\/desc>\n<path d=\"M4.8 27.2q0-1.28 0.96-2.24t2.24-0.96q1.344 0 2.272 0.96t0.928 2.24q0 1.344-0.928 2.272t-2.272 0.928q-1.28 0-2.24-0.928t-0.96-2.272zM20.8 27.2q0-1.28 0.96-2.24t2.24-0.96q1.344 0 2.272 0.96t0.928 2.24q0 1.344-0.928 2.272t-2.272 0.928q-1.28 0-2.24-0.928t-0.96-2.272zM10.496 19.648q-1.152 0.32-1.088 0.736t1.408 0.416h17.984v2.432q0 0.64-0.64 0.64h-20.928q-0.64 0-0.64-0.64v-2.432l-0.32-1.472-3.136-14.528h-3.136v-2.56q0-0.64 0.64-0.64h4.992q0.64 0 0.64 0.64v2.752h22.528v8.768q0 0.704-0.576 0.832z\"><\/path>\n<\/svg><\/span>  Choix des options<\/a>\t<span id=\"woocommerce_loop_add_to_cart_link_describedby_4504\" class=\"screen-reader-text\">\n\t\tCe produit a plusieurs variations. Les options peuvent \u00eatre choisies sur la page du produit\t<\/span>\n<\/div><\/div><\/li>\n<\/ul><\/div><\/div><div class=\"clear\"><\/div>\n","protected":false},"excerpt":{"rendered":"","protected":false},"author":2,"featured_media":0,"parent":0,"menu_order":0,"comment_status":"closed","ping_status":"closed","template":"","meta":{"footnotes":""},"class_list":["post-1628","page","type-page","status-publish","hentry"],"yoast_head":"<!-- This site is optimized with the Yoast SEO plugin v27.5 - https:\/\/yoast.com\/product\/yoast-seo-wordpress\/ -->\n<title>Adultes et\/ou Enfants 16 et + &#187; AMUZ BOX Escape Game \u00e0 la maison et chasses aux tr\u00e9sors pour anniversaire enfant ou soir\u00e9e adultes<\/title>\n<meta name=\"robots\" content=\"index, follow, max-snippet:-1, max-image-preview:large, max-video-preview:-1\" \/>\n<link rel=\"canonical\" href=\"https:\/\/amuzbox.com\/wp\/adultes-et-ou-enfants-16-et\/\" \/>\n<meta property=\"og:locale\" content=\"fr_FR\" \/>\n<meta property=\"og:type\" content=\"article\" \/>\n<meta property=\"og:title\" content=\"Adultes et\/ou Enfants 16 et + &#187; AMUZ BOX Escape Game \u00e0 la maison et chasses aux tr\u00e9sors pour anniversaire enfant ou soir\u00e9e adultes\" \/>\n<meta property=\"og:url\" content=\"https:\/\/amuzbox.com\/wp\/adultes-et-ou-enfants-16-et\/\" \/>\n<meta property=\"og:site_name\" content=\"AMUZ BOX Escape Game \u00e0 la maison et chasses aux tr\u00e9sors pour anniversaire enfant ou soir\u00e9e adultes\" \/>\n<meta property=\"article:publisher\" content=\"https:\/\/www.facebook.com\/amuzbox\/\" \/>\n<meta property=\"article:modified_time\" content=\"2019-11-23T19:10:23+00:00\" \/>\n<meta name=\"twitter:card\" content=\"summary_large_image\" \/>\n<script type=\"application\/ld+json\" class=\"yoast-schema-graph\">{\"@context\":\"https:\\\/\\\/schema.org\",\"@graph\":[{\"@type\":\"WebPage\",\"@id\":\"https:\\\/\\\/amuzbox.com\\\/wp\\\/adultes-et-ou-enfants-16-et\\\/\",\"url\":\"https:\\\/\\\/amuzbox.com\\\/wp\\\/adultes-et-ou-enfants-16-et\\\/\",\"name\":\"Adultes et\\\/ou Enfants 16 et + &#187; AMUZ BOX Escape Game \u00e0 la maison et chasses aux tr\u00e9sors pour anniversaire enfant ou soir\u00e9e adultes\",\"isPartOf\":{\"@id\":\"https:\\\/\\\/amuzbox.com\\\/wp\\\/#website\"},\"datePublished\":\"2019-11-21T16:09:06+00:00\",\"dateModified\":\"2019-11-23T19:10:23+00:00\",\"breadcrumb\":{\"@id\":\"https:\\\/\\\/amuzbox.com\\\/wp\\\/adultes-et-ou-enfants-16-et\\\/#breadcrumb\"},\"inLanguage\":\"fr-FR\",\"potentialAction\":[{\"@type\":\"ReadAction\",\"target\":[\"https:\\\/\\\/amuzbox.com\\\/wp\\\/adultes-et-ou-enfants-16-et\\\/\"]}]},{\"@type\":\"BreadcrumbList\",\"@id\":\"https:\\\/\\\/amuzbox.com\\\/wp\\\/adultes-et-ou-enfants-16-et\\\/#breadcrumb\",\"itemListElement\":[{\"@type\":\"ListItem\",\"position\":1,\"name\":\"Accueil\",\"item\":\"https:\\\/\\\/amuzbox.com\\\/wp\\\/concept-amuz-box\\\/\"},{\"@type\":\"ListItem\",\"position\":2,\"name\":\"Adultes et\\\/ou Enfants 16 et +\"}]},{\"@type\":\"WebSite\",\"@id\":\"https:\\\/\\\/amuzbox.com\\\/wp\\\/#website\",\"url\":\"https:\\\/\\\/amuzbox.com\\\/wp\\\/\",\"name\":\"AMUZ BOX Escape Game adulte-enfant et chasses aux tr\u00e9sors-anniversaire enfant \u00e0 la maison\",\"description\":\"Vous prendrez bien une Amuz Box ?!\",\"publisher\":{\"@id\":\"https:\\\/\\\/amuzbox.com\\\/wp\\\/#organization\"},\"potentialAction\":[{\"@type\":\"SearchAction\",\"target\":{\"@type\":\"EntryPoint\",\"urlTemplate\":\"https:\\\/\\\/amuzbox.com\\\/wp\\\/?s={search_term_string}\"},\"query-input\":{\"@type\":\"PropertyValueSpecification\",\"valueRequired\":true,\"valueName\":\"search_term_string\"}}],\"inLanguage\":\"fr-FR\"},{\"@type\":\"Organization\",\"@id\":\"https:\\\/\\\/amuzbox.com\\\/wp\\\/#organization\",\"name\":\"AmuzBox\",\"url\":\"https:\\\/\\\/amuzbox.com\\\/wp\\\/\",\"logo\":{\"@type\":\"ImageObject\",\"inLanguage\":\"fr-FR\",\"@id\":\"https:\\\/\\\/amuzbox.com\\\/wp\\\/#\\\/schema\\\/logo\\\/image\\\/\",\"url\":\"https:\\\/\\\/amuzbox.com\\\/wp\\\/wp-content\\\/uploads\\\/2019\\\/07\\\/amuzbox0719-fond-blanc-elipse-2.png\",\"contentUrl\":\"https:\\\/\\\/amuzbox.com\\\/wp\\\/wp-content\\\/uploads\\\/2019\\\/07\\\/amuzbox0719-fond-blanc-elipse-2.png\",\"width\":3228,\"height\":1000,\"caption\":\"AmuzBox\"},\"image\":{\"@id\":\"https:\\\/\\\/amuzbox.com\\\/wp\\\/#\\\/schema\\\/logo\\\/image\\\/\"},\"sameAs\":[\"https:\\\/\\\/www.facebook.com\\\/amuzbox\\\/\",\"https:\\\/\\\/www.instagram.com\\\/amuzbox\",\"https:\\\/\\\/www.linkedin.com\\\/in\\\/marie-dion\",\"https:\\\/\\\/fr.pinterest.com\\\/amuzbox\"]}]}<\/script>\n<!-- \/ Yoast SEO plugin. -->","yoast_head_json":{"title":"Adultes et\/ou Enfants 16 et + &#187; AMUZ BOX Escape Game \u00e0 la maison et chasses aux tr\u00e9sors pour anniversaire enfant ou soir\u00e9e adultes","robots":{"index":"index","follow":"follow","max-snippet":"max-snippet:-1","max-image-preview":"max-image-preview:large","max-video-preview":"max-video-preview:-1"},"canonical":"https:\/\/amuzbox.com\/wp\/adultes-et-ou-enfants-16-et\/","og_locale":"fr_FR","og_type":"article","og_title":"Adultes et\/ou Enfants 16 et + &#187; AMUZ BOX Escape Game \u00e0 la maison et chasses aux tr\u00e9sors pour anniversaire enfant ou soir\u00e9e adultes","og_url":"https:\/\/amuzbox.com\/wp\/adultes-et-ou-enfants-16-et\/","og_site_name":"AMUZ BOX Escape Game \u00e0 la maison et chasses aux tr\u00e9sors pour anniversaire enfant ou soir\u00e9e adultes","article_publisher":"https:\/\/www.facebook.com\/amuzbox\/","article_modified_time":"2019-11-23T19:10:23+00:00","twitter_card":"summary_large_image","schema":{"@context":"https:\/\/schema.org","@graph":[{"@type":"WebPage","@id":"https:\/\/amuzbox.com\/wp\/adultes-et-ou-enfants-16-et\/","url":"https:\/\/amuzbox.com\/wp\/adultes-et-ou-enfants-16-et\/","name":"Adultes et\/ou Enfants 16 et + &#187; AMUZ BOX Escape Game \u00e0 la maison et chasses aux tr\u00e9sors pour anniversaire enfant ou soir\u00e9e adultes","isPartOf":{"@id":"https:\/\/amuzbox.com\/wp\/#website"},"datePublished":"2019-11-21T16:09:06+00:00","dateModified":"2019-11-23T19:10:23+00:00","breadcrumb":{"@id":"https:\/\/amuzbox.com\/wp\/adultes-et-ou-enfants-16-et\/#breadcrumb"},"inLanguage":"fr-FR","potentialAction":[{"@type":"ReadAction","target":["https:\/\/amuzbox.com\/wp\/adultes-et-ou-enfants-16-et\/"]}]},{"@type":"BreadcrumbList","@id":"https:\/\/amuzbox.com\/wp\/adultes-et-ou-enfants-16-et\/#breadcrumb","itemListElement":[{"@type":"ListItem","position":1,"name":"Accueil","item":"https:\/\/amuzbox.com\/wp\/concept-amuz-box\/"},{"@type":"ListItem","position":2,"name":"Adultes et\/ou Enfants 16 et +"}]},{"@type":"WebSite","@id":"https:\/\/amuzbox.com\/wp\/#website","url":"https:\/\/amuzbox.com\/wp\/","name":"AMUZ BOX Escape Game adulte-enfant et chasses aux tr\u00e9sors-anniversaire enfant \u00e0 la maison","description":"Vous prendrez bien une Amuz Box ?!","publisher":{"@id":"https:\/\/amuzbox.com\/wp\/#organization"},"potentialAction":[{"@type":"SearchAction","target":{"@type":"EntryPoint","urlTemplate":"https:\/\/amuzbox.com\/wp\/?s={search_term_string}"},"query-input":{"@type":"PropertyValueSpecification","valueRequired":true,"valueName":"search_term_string"}}],"inLanguage":"fr-FR"},{"@type":"Organization","@id":"https:\/\/amuzbox.com\/wp\/#organization","name":"AmuzBox","url":"https:\/\/amuzbox.com\/wp\/","logo":{"@type":"ImageObject","inLanguage":"fr-FR","@id":"https:\/\/amuzbox.com\/wp\/#\/schema\/logo\/image\/","url":"https:\/\/amuzbox.com\/wp\/wp-content\/uploads\/2019\/07\/amuzbox0719-fond-blanc-elipse-2.png","contentUrl":"https:\/\/amuzbox.com\/wp\/wp-content\/uploads\/2019\/07\/amuzbox0719-fond-blanc-elipse-2.png","width":3228,"height":1000,"caption":"AmuzBox"},"image":{"@id":"https:\/\/amuzbox.com\/wp\/#\/schema\/logo\/image\/"},"sameAs":["https:\/\/www.facebook.com\/amuzbox\/","https:\/\/www.instagram.com\/amuzbox","https:\/\/www.linkedin.com\/in\/marie-dion","https:\/\/fr.pinterest.com\/amuzbox"]}]}},"_links":{"self":[{"href":"https:\/\/amuzbox.com\/wp\/wp-json\/wp\/v2\/pages\/1628","targetHints":{"allow":["GET"]}}],"collection":[{"href":"https:\/\/amuzbox.com\/wp\/wp-json\/wp\/v2\/pages"}],"about":[{"href":"https:\/\/amuzbox.com\/wp\/wp-json\/wp\/v2\/types\/page"}],"author":[{"embeddable":true,"href":"https:\/\/amuzbox.com\/wp\/wp-json\/wp\/v2\/users\/2"}],"replies":[{"embeddable":true,"href":"https:\/\/amuzbox.com\/wp\/wp-json\/wp\/v2\/comments?post=1628"}],"version-history":[{"count":3,"href":"https:\/\/amuzbox.com\/wp\/wp-json\/wp\/v2\/pages\/1628\/revisions"}],"predecessor-version":[{"id":1808,"href":"https:\/\/amuzbox.com\/wp\/wp-json\/wp\/v2\/pages\/1628\/revisions\/1808"}],"wp:attachment":[{"href":"https:\/\/amuzbox.com\/wp\/wp-json\/wp\/v2\/media?parent=1628"}],"curies":[{"name":"wp","href":"https:\/\/api.w.org\/{rel}","templated":true}]}}