{"id":1647,"date":"2019-11-22T05:39:41","date_gmt":"2019-11-22T04:39:41","guid":{"rendered":"https:\/\/amuzbox.com\/wp\/?post_type=product&#038;p=1647"},"modified":"2025-01-22T10:27:27","modified_gmt":"2025-01-22T09:27:27","slug":"carte-de-voeux-a-gratter-bonnes-resolutions","status":"publish","type":"product","link":"https:\/\/amuzbox.com\/wp\/produit\/carte-de-voeux-a-gratter-bonnes-resolutions\/","title":{"rendered":"Lot de 5 cartes de voeux \u00e0 gratter bonnes r\u00e9solutions"},"content":{"rendered":"","protected":false},"excerpt":{"rendered":"<p><strong>1\u20ac la carte, Vendu par lot de 5.<\/strong><\/p>\n<p>VOILA DE QUOI VOUS REDONNER ENVIE D\u2019ENVOYER DES CARTES DE VOEUX !<\/p>\n<p>Je vous propose d\u2019allier le ludique (encre \u00e0 gratter) \u00a0et l\u2019humoristique (ce que cache les cases n\u2019est pas vraiment s\u00e9rieux.. ;)) avec ce flowchart (diagramme d\u2019aide \u00e0 la r\u00e9solution) d\u00e9tourn\u00e9.<\/p>\n<h4>Dois-je prendre de bonnes r\u00e9solutions ? \u2026 \u00e0 votre avis ?!! \ud83d\ude09<\/h4>\n","protected":false},"featured_media":1648,"comment_status":"open","ping_status":"closed","template":"","meta":[],"product_brand":[],"product_cat":[175],"product_tag":[],"class_list":{"0":"post-1647","1":"product","2":"type-product","3":"status-publish","4":"has-post-thumbnail","6":"product_cat-noel","7":"product_shipping_class-envoi-postaux","9":"first","10":"instock","11":"purchasable","12":"product-type-simple"},"yoast_head":"<!-- This site is optimized with the Yoast SEO plugin v27.6 - https:\/\/yoast.com\/product\/yoast-seo-wordpress\/ -->\n<title>Lot de 5 cartes de voeux \u00e0 gratter bonnes r\u00e9solutions &#187; AMUZ BOX Escape Game \u00e0 la maison et chasses aux tr\u00e9sors pour anniversaire enfant ou soir\u00e9e adultes<\/title>\n<meta name=\"robots\" content=\"index, follow, max-snippet:-1, max-image-preview:large, max-video-preview:-1\" \/>\n<link rel=\"canonical\" href=\"https:\/\/amuzbox.com\/wp\/produit\/carte-de-voeux-a-gratter-bonnes-resolutions\/\" \/>\n<meta property=\"og:locale\" content=\"fr_FR\" \/>\n<meta property=\"og:type\" content=\"article\" \/>\n<meta property=\"og:title\" content=\"Lot de 5 cartes de voeux \u00e0 gratter bonnes r\u00e9solutions &#187; AMUZ BOX Escape Game \u00e0 la maison et chasses aux tr\u00e9sors pour anniversaire enfant ou soir\u00e9e adultes\" \/>\n<meta property=\"og:description\" content=\"1\u20ac la carte, Vendu par lot de 5.  VOILA DE QUOI VOUS REDONNER ENVIE D\u2019ENVOYER DES CARTES DE VOEUX !  Je vous propose d\u2019allier le ludique (encre \u00e0 gratter) \u00a0et l\u2019humoristique (ce que cache les cases n\u2019est pas vraiment s\u00e9rieux.. ;)) avec ce flowchart (diagramme d\u2019aide \u00e0 la r\u00e9solution) d\u00e9tourn\u00e9. Dois-je prendre de bonnes r\u00e9solutions ? \u2026 \u00e0 votre avis ?!! \ud83d\ude09\" \/>\n<meta property=\"og:url\" content=\"https:\/\/amuzbox.com\/wp\/produit\/carte-de-voeux-a-gratter-bonnes-resolutions\/\" \/>\n<meta property=\"og:site_name\" content=\"AMUZ BOX Escape Game \u00e0 la maison et chasses aux tr\u00e9sors pour anniversaire enfant ou soir\u00e9e adultes\" \/>\n<meta property=\"article:publisher\" content=\"https:\/\/www.facebook.com\/amuzbox\/\" \/>\n<meta property=\"article:modified_time\" content=\"2025-01-22T09:27:27+00:00\" \/>\n<meta property=\"og:image\" content=\"https:\/\/amuzbox.com\/wp\/wp-content\/uploads\/2019\/11\/15729622_1405390626179297_4323946707361464320_n-e1515752155867.jpg\" \/>\n\t<meta property=\"og:image:width\" content=\"432\" \/>\n\t<meta property=\"og:image:height\" content=\"319\" \/>\n\t<meta property=\"og:image:type\" content=\"image\/jpeg\" \/>\n<meta name=\"twitter:card\" content=\"summary_large_image\" \/>\n<script type=\"application\/ld+json\" class=\"yoast-schema-graph\">{\"@context\":\"https:\\\/\\\/schema.org\",\"@graph\":[{\"@type\":\"WebPage\",\"@id\":\"https:\\\/\\\/amuzbox.com\\\/wp\\\/produit\\\/carte-de-voeux-a-gratter-bonnes-resolutions\\\/\",\"url\":\"https:\\\/\\\/amuzbox.com\\\/wp\\\/produit\\\/carte-de-voeux-a-gratter-bonnes-resolutions\\\/\",\"name\":\"Lot de 5 cartes de voeux \u00e0 gratter bonnes r\u00e9solutions &#187; AMUZ BOX Escape Game \u00e0 la maison et chasses aux tr\u00e9sors pour anniversaire enfant ou soir\u00e9e adultes\",\"isPartOf\":{\"@id\":\"https:\\\/\\\/amuzbox.com\\\/wp\\\/#website\"},\"primaryImageOfPage\":{\"@id\":\"https:\\\/\\\/amuzbox.com\\\/wp\\\/produit\\\/carte-de-voeux-a-gratter-bonnes-resolutions\\\/#primaryimage\"},\"image\":{\"@id\":\"https:\\\/\\\/amuzbox.com\\\/wp\\\/produit\\\/carte-de-voeux-a-gratter-bonnes-resolutions\\\/#primaryimage\"},\"thumbnailUrl\":\"https:\\\/\\\/amuzbox.com\\\/wp\\\/wp-content\\\/uploads\\\/2019\\\/11\\\/15729622_1405390626179297_4323946707361464320_n-e1515752155867.jpg\",\"datePublished\":\"2019-11-22T04:39:41+00:00\",\"dateModified\":\"2025-01-22T09:27:27+00:00\",\"breadcrumb\":{\"@id\":\"https:\\\/\\\/amuzbox.com\\\/wp\\\/produit\\\/carte-de-voeux-a-gratter-bonnes-resolutions\\\/#breadcrumb\"},\"inLanguage\":\"fr-FR\",\"potentialAction\":[{\"@type\":\"ReadAction\",\"target\":[\"https:\\\/\\\/amuzbox.com\\\/wp\\\/produit\\\/carte-de-voeux-a-gratter-bonnes-resolutions\\\/\"]}]},{\"@type\":\"ImageObject\",\"inLanguage\":\"fr-FR\",\"@id\":\"https:\\\/\\\/amuzbox.com\\\/wp\\\/produit\\\/carte-de-voeux-a-gratter-bonnes-resolutions\\\/#primaryimage\",\"url\":\"https:\\\/\\\/amuzbox.com\\\/wp\\\/wp-content\\\/uploads\\\/2019\\\/11\\\/15729622_1405390626179297_4323946707361464320_n-e1515752155867.jpg\",\"contentUrl\":\"https:\\\/\\\/amuzbox.com\\\/wp\\\/wp-content\\\/uploads\\\/2019\\\/11\\\/15729622_1405390626179297_4323946707361464320_n-e1515752155867.jpg\",\"width\":432,\"height\":319,\"caption\":\"carte de voeux bonnes r\u00e9solutions encre \u00e0 gratter\"},{\"@type\":\"BreadcrumbList\",\"@id\":\"https:\\\/\\\/amuzbox.com\\\/wp\\\/produit\\\/carte-de-voeux-a-gratter-bonnes-resolutions\\\/#breadcrumb\",\"itemListElement\":[{\"@type\":\"ListItem\",\"position\":1,\"name\":\"Accueil\",\"item\":\"https:\\\/\\\/amuzbox.com\\\/wp\\\/concept-amuz-box\\\/\"},{\"@type\":\"ListItem\",\"position\":2,\"name\":\"Produits\",\"item\":\"https:\\\/\\\/amuzbox.com\\\/wp\\\/shop\\\/\"},{\"@type\":\"ListItem\",\"position\":3,\"name\":\"Lot de 5 cartes de voeux \u00e0 gratter bonnes r\u00e9solutions\"}]},{\"@type\":\"WebSite\",\"@id\":\"https:\\\/\\\/amuzbox.com\\\/wp\\\/#website\",\"url\":\"https:\\\/\\\/amuzbox.com\\\/wp\\\/\",\"name\":\"AMUZ BOX Escape Game adulte-enfant et chasses aux tr\u00e9sors-anniversaire enfant \u00e0 la maison\",\"description\":\"Vous prendrez bien une Amuz Box ?!\",\"publisher\":{\"@id\":\"https:\\\/\\\/amuzbox.com\\\/wp\\\/#organization\"},\"potentialAction\":[{\"@type\":\"SearchAction\",\"target\":{\"@type\":\"EntryPoint\",\"urlTemplate\":\"https:\\\/\\\/amuzbox.com\\\/wp\\\/?s={search_term_string}\"},\"query-input\":{\"@type\":\"PropertyValueSpecification\",\"valueRequired\":true,\"valueName\":\"search_term_string\"}}],\"inLanguage\":\"fr-FR\"},{\"@type\":\"Organization\",\"@id\":\"https:\\\/\\\/amuzbox.com\\\/wp\\\/#organization\",\"name\":\"AmuzBox\",\"url\":\"https:\\\/\\\/amuzbox.com\\\/wp\\\/\",\"logo\":{\"@type\":\"ImageObject\",\"inLanguage\":\"fr-FR\",\"@id\":\"https:\\\/\\\/amuzbox.com\\\/wp\\\/#\\\/schema\\\/logo\\\/image\\\/\",\"url\":\"https:\\\/\\\/amuzbox.com\\\/wp\\\/wp-content\\\/uploads\\\/2019\\\/07\\\/amuzbox0719-fond-blanc-elipse-2.png\",\"contentUrl\":\"https:\\\/\\\/amuzbox.com\\\/wp\\\/wp-content\\\/uploads\\\/2019\\\/07\\\/amuzbox0719-fond-blanc-elipse-2.png\",\"width\":3228,\"height\":1000,\"caption\":\"AmuzBox\"},\"image\":{\"@id\":\"https:\\\/\\\/amuzbox.com\\\/wp\\\/#\\\/schema\\\/logo\\\/image\\\/\"},\"sameAs\":[\"https:\\\/\\\/www.facebook.com\\\/amuzbox\\\/\",\"https:\\\/\\\/www.instagram.com\\\/amuzbox\",\"https:\\\/\\\/www.linkedin.com\\\/in\\\/marie-dion\",\"https:\\\/\\\/fr.pinterest.com\\\/amuzbox\"]}]}<\/script>\n<!-- \/ Yoast SEO plugin. -->","yoast_head_json":{"title":"Lot de 5 cartes de voeux \u00e0 gratter bonnes r\u00e9solutions &#187; AMUZ BOX Escape Game \u00e0 la maison et chasses aux tr\u00e9sors pour anniversaire enfant ou soir\u00e9e adultes","robots":{"index":"index","follow":"follow","max-snippet":"max-snippet:-1","max-image-preview":"max-image-preview:large","max-video-preview":"max-video-preview:-1"},"canonical":"https:\/\/amuzbox.com\/wp\/produit\/carte-de-voeux-a-gratter-bonnes-resolutions\/","og_locale":"fr_FR","og_type":"article","og_title":"Lot de 5 cartes de voeux \u00e0 gratter bonnes r\u00e9solutions &#187; AMUZ BOX Escape Game \u00e0 la maison et chasses aux tr\u00e9sors pour anniversaire enfant ou soir\u00e9e adultes","og_description":"1\u20ac la carte, Vendu par lot de 5.  VOILA DE QUOI VOUS REDONNER ENVIE D\u2019ENVOYER DES CARTES DE VOEUX !  Je vous propose d\u2019allier le ludique (encre \u00e0 gratter) \u00a0et l\u2019humoristique (ce que cache les cases n\u2019est pas vraiment s\u00e9rieux.. ;)) avec ce flowchart (diagramme d\u2019aide \u00e0 la r\u00e9solution) d\u00e9tourn\u00e9. Dois-je prendre de bonnes r\u00e9solutions ? \u2026 \u00e0 votre avis ?!! \ud83d\ude09","og_url":"https:\/\/amuzbox.com\/wp\/produit\/carte-de-voeux-a-gratter-bonnes-resolutions\/","og_site_name":"AMUZ BOX Escape Game \u00e0 la maison et chasses aux tr\u00e9sors pour anniversaire enfant ou soir\u00e9e adultes","article_publisher":"https:\/\/www.facebook.com\/amuzbox\/","article_modified_time":"2025-01-22T09:27:27+00:00","og_image":[{"width":432,"height":319,"url":"https:\/\/amuzbox.com\/wp\/wp-content\/uploads\/2019\/11\/15729622_1405390626179297_4323946707361464320_n-e1515752155867.jpg","type":"image\/jpeg"}],"twitter_card":"summary_large_image","schema":{"@context":"https:\/\/schema.org","@graph":[{"@type":"WebPage","@id":"https:\/\/amuzbox.com\/wp\/produit\/carte-de-voeux-a-gratter-bonnes-resolutions\/","url":"https:\/\/amuzbox.com\/wp\/produit\/carte-de-voeux-a-gratter-bonnes-resolutions\/","name":"Lot de 5 cartes de voeux \u00e0 gratter bonnes r\u00e9solutions &#187; AMUZ BOX Escape Game \u00e0 la maison et chasses aux tr\u00e9sors pour anniversaire enfant ou soir\u00e9e adultes","isPartOf":{"@id":"https:\/\/amuzbox.com\/wp\/#website"},"primaryImageOfPage":{"@id":"https:\/\/amuzbox.com\/wp\/produit\/carte-de-voeux-a-gratter-bonnes-resolutions\/#primaryimage"},"image":{"@id":"https:\/\/amuzbox.com\/wp\/produit\/carte-de-voeux-a-gratter-bonnes-resolutions\/#primaryimage"},"thumbnailUrl":"https:\/\/amuzbox.com\/wp\/wp-content\/uploads\/2019\/11\/15729622_1405390626179297_4323946707361464320_n-e1515752155867.jpg","datePublished":"2019-11-22T04:39:41+00:00","dateModified":"2025-01-22T09:27:27+00:00","breadcrumb":{"@id":"https:\/\/amuzbox.com\/wp\/produit\/carte-de-voeux-a-gratter-bonnes-resolutions\/#breadcrumb"},"inLanguage":"fr-FR","potentialAction":[{"@type":"ReadAction","target":["https:\/\/amuzbox.com\/wp\/produit\/carte-de-voeux-a-gratter-bonnes-resolutions\/"]}]},{"@type":"ImageObject","inLanguage":"fr-FR","@id":"https:\/\/amuzbox.com\/wp\/produit\/carte-de-voeux-a-gratter-bonnes-resolutions\/#primaryimage","url":"https:\/\/amuzbox.com\/wp\/wp-content\/uploads\/2019\/11\/15729622_1405390626179297_4323946707361464320_n-e1515752155867.jpg","contentUrl":"https:\/\/amuzbox.com\/wp\/wp-content\/uploads\/2019\/11\/15729622_1405390626179297_4323946707361464320_n-e1515752155867.jpg","width":432,"height":319,"caption":"carte de voeux bonnes r\u00e9solutions encre \u00e0 gratter"},{"@type":"BreadcrumbList","@id":"https:\/\/amuzbox.com\/wp\/produit\/carte-de-voeux-a-gratter-bonnes-resolutions\/#breadcrumb","itemListElement":[{"@type":"ListItem","position":1,"name":"Accueil","item":"https:\/\/amuzbox.com\/wp\/concept-amuz-box\/"},{"@type":"ListItem","position":2,"name":"Produits","item":"https:\/\/amuzbox.com\/wp\/shop\/"},{"@type":"ListItem","position":3,"name":"Lot de 5 cartes de voeux \u00e0 gratter bonnes r\u00e9solutions"}]},{"@type":"WebSite","@id":"https:\/\/amuzbox.com\/wp\/#website","url":"https:\/\/amuzbox.com\/wp\/","name":"AMUZ BOX Escape Game adulte-enfant et chasses aux tr\u00e9sors-anniversaire enfant \u00e0 la maison","description":"Vous prendrez bien une Amuz Box ?!","publisher":{"@id":"https:\/\/amuzbox.com\/wp\/#organization"},"potentialAction":[{"@type":"SearchAction","target":{"@type":"EntryPoint","urlTemplate":"https:\/\/amuzbox.com\/wp\/?s={search_term_string}"},"query-input":{"@type":"PropertyValueSpecification","valueRequired":true,"valueName":"search_term_string"}}],"inLanguage":"fr-FR"},{"@type":"Organization","@id":"https:\/\/amuzbox.com\/wp\/#organization","name":"AmuzBox","url":"https:\/\/amuzbox.com\/wp\/","logo":{"@type":"ImageObject","inLanguage":"fr-FR","@id":"https:\/\/amuzbox.com\/wp\/#\/schema\/logo\/image\/","url":"https:\/\/amuzbox.com\/wp\/wp-content\/uploads\/2019\/07\/amuzbox0719-fond-blanc-elipse-2.png","contentUrl":"https:\/\/amuzbox.com\/wp\/wp-content\/uploads\/2019\/07\/amuzbox0719-fond-blanc-elipse-2.png","width":3228,"height":1000,"caption":"AmuzBox"},"image":{"@id":"https:\/\/amuzbox.com\/wp\/#\/schema\/logo\/image\/"},"sameAs":["https:\/\/www.facebook.com\/amuzbox\/","https:\/\/www.instagram.com\/amuzbox","https:\/\/www.linkedin.com\/in\/marie-dion","https:\/\/fr.pinterest.com\/amuzbox"]}]}},"_links":{"self":[{"href":"https:\/\/amuzbox.com\/wp\/wp-json\/wp\/v2\/product\/1647","targetHints":{"allow":["GET"]}}],"collection":[{"href":"https:\/\/amuzbox.com\/wp\/wp-json\/wp\/v2\/product"}],"about":[{"href":"https:\/\/amuzbox.com\/wp\/wp-json\/wp\/v2\/types\/product"}],"replies":[{"embeddable":true,"href":"https:\/\/amuzbox.com\/wp\/wp-json\/wp\/v2\/comments?post=1647"}],"wp:featuredmedia":[{"embeddable":true,"href":"https:\/\/amuzbox.com\/wp\/wp-json\/wp\/v2\/media\/1648"}],"wp:attachment":[{"href":"https:\/\/amuzbox.com\/wp\/wp-json\/wp\/v2\/media?parent=1647"}],"wp:term":[{"taxonomy":"product_brand","embeddable":true,"href":"https:\/\/amuzbox.com\/wp\/wp-json\/wp\/v2\/product_brand?post=1647"},{"taxonomy":"product_cat","embeddable":true,"href":"https:\/\/amuzbox.com\/wp\/wp-json\/wp\/v2\/product_cat?post=1647"},{"taxonomy":"product_tag","embeddable":true,"href":"https:\/\/amuzbox.com\/wp\/wp-json\/wp\/v2\/product_tag?post=1647"}],"curies":[{"name":"wp","href":"https:\/\/api.w.org\/{rel}","templated":true}]}}